{"id":4664,"date":"2020-05-14T12:10:26","date_gmt":"2020-05-14T10:10:26","guid":{"rendered":"http:\/\/themacsebi.cluster011.ovh.net\/?page_id=4664"},"modified":"2020-05-15T11:53:48","modified_gmt":"2020-05-15T09:53:48","slug":"thermal-emissivity-measurement","status":"publish","type":"page","link":"http:\/\/themacs-engineering.com\/en\/thermal-emissivity-measurement\/","title":{"rendered":"Thermal emissivity Measurement"},"content":{"rendered":"&nbsp;\r\n\r\n<center><a class=\"btn btn-theme\" href=\"\/wp-content\/uploads\/2020\/05\/Emissivity-measurement.pdf\">DOWNLOAD PDF<\/a><\/center>","protected":false},"excerpt":{"rendered":"&nbsp; DOWNLOAD PDF","protected":false},"author":1,"featured_media":2801,"parent":0,"menu_order":0,"comment_status":"closed","ping_status":"closed","template":"","meta":{"footnotes":"","_links_to":"","_links_to_target":""},"class_list":["post-4664","page","type-page","status-publish","has-post-thumbnail","hentry"],"yoast_head":"<!-- This site is optimized with the Yoast SEO Premium plugin v25.2 (Yoast SEO v25.2) - https:\/\/yoast.com\/wordpress\/plugins\/seo\/ -->\n<title>\u00c9missivit\u00e9 thermique, calcul et m\u00e9thodes de mesure | Themacs Ingenierie<\/title>\n<meta name=\"description\" content=\"Qu&#039;est-ce-que la mesure de l&#039;\u00e9missivit\u00e9 thermique ? Les diff\u00e9rentes \u00e9missivit\u00e9s, le calcul, les m\u00e9thodes de mesures, retrouvez notre article.\" \/>\n<meta name=\"robots\" content=\"index, follow, max-snippet:-1, max-image-preview:large, max-video-preview:-1\" \/>\n<link rel=\"canonical\" href=\"http:\/\/themacs-engineering.com\/en\/thermal-emissivity-measurement\/\" \/>\n<meta property=\"og:locale\" content=\"en_GB\" \/>\n<meta property=\"og:type\" content=\"article\" \/>\n<meta property=\"og:title\" content=\"Thermal emissivity Measurement\" \/>\n<meta property=\"og:description\" content=\"Qu&#039;est-ce-que la mesure de l&#039;\u00e9missivit\u00e9 thermique ? Les diff\u00e9rentes \u00e9missivit\u00e9s, le calcul, les m\u00e9thodes de mesures, retrouvez notre article.\" \/>\n<meta property=\"og:url\" content=\"http:\/\/themacs-engineering.com\/en\/thermal-emissivity-measurement\/\" \/>\n<meta property=\"og:site_name\" content=\"Themacs Ing\u00e9nierie\" \/>\n<meta property=\"article:modified_time\" content=\"2020-05-15T09:53:48+00:00\" \/>\n<meta property=\"og:image\" content=\"http:\/\/themacs-engineering.com\/wp-content\/uploads\/2019\/02\/themacs-THERMIQUE-e1550816318281.jpg\" \/>\n\t<meta property=\"og:image:width\" content=\"1900\" \/>\n\t<meta property=\"og:image:height\" content=\"1053\" \/>\n\t<meta property=\"og:image:type\" content=\"image\/jpeg\" \/>\n<script type=\"application\/ld+json\" class=\"yoast-schema-graph\">{\"@context\":\"https:\/\/schema.org\",\"@graph\":[{\"@type\":\"WebPage\",\"@id\":\"http:\/\/themacs-engineering.com\/en\/thermal-emissivity-measurement\/\",\"url\":\"http:\/\/themacs-engineering.com\/en\/thermal-emissivity-measurement\/\",\"name\":\"\u00c9missivit\u00e9 thermique, calcul et m\u00e9thodes de mesure | Themacs Ingenierie\",\"isPartOf\":{\"@id\":\"http:\/\/themacs-engineering.com\/en\/#website\"},\"primaryImageOfPage\":{\"@id\":\"http:\/\/themacs-engineering.com\/en\/thermal-emissivity-measurement\/#primaryimage\"},\"image\":{\"@id\":\"http:\/\/themacs-engineering.com\/en\/thermal-emissivity-measurement\/#primaryimage\"},\"thumbnailUrl\":\"http:\/\/themacs-engineering.com\/wp-content\/uploads\/2019\/02\/themacs-THERMIQUE-e1550816318281.jpg\",\"datePublished\":\"2020-05-14T10:10:26+00:00\",\"dateModified\":\"2020-05-15T09:53:48+00:00\",\"description\":\"Qu'est-ce-que la mesure de l'\u00e9missivit\u00e9 thermique ? Les diff\u00e9rentes \u00e9missivit\u00e9s, le calcul, les m\u00e9thodes de mesures, retrouvez notre article.\",\"breadcrumb\":{\"@id\":\"http:\/\/themacs-engineering.com\/en\/thermal-emissivity-measurement\/#breadcrumb\"},\"inLanguage\":\"en-GB\",\"potentialAction\":[{\"@type\":\"ReadAction\",\"target\":[\"http:\/\/themacs-engineering.com\/en\/thermal-emissivity-measurement\/\"]}]},{\"@type\":\"ImageObject\",\"inLanguage\":\"en-GB\",\"@id\":\"http:\/\/themacs-engineering.com\/en\/thermal-emissivity-measurement\/#primaryimage\",\"url\":\"http:\/\/themacs-engineering.com\/wp-content\/uploads\/2019\/02\/themacs-THERMIQUE-e1550816318281.jpg\",\"contentUrl\":\"http:\/\/themacs-engineering.com\/wp-content\/uploads\/2019\/02\/themacs-THERMIQUE-e1550816318281.jpg\",\"width\":1900,\"height\":1053},{\"@type\":\"BreadcrumbList\",\"@id\":\"http:\/\/themacs-engineering.com\/en\/thermal-emissivity-measurement\/#breadcrumb\",\"itemListElement\":[{\"@type\":\"ListItem\",\"position\":1,\"name\":\"Home\",\"item\":\"http:\/\/themacs-engineering.com\/en\/home\/\"},{\"@type\":\"ListItem\",\"position\":2,\"name\":\"Thermal emissivity Measurement\"}]},{\"@type\":\"WebSite\",\"@id\":\"http:\/\/themacs-engineering.com\/en\/#website\",\"url\":\"http:\/\/themacs-engineering.com\/en\/\",\"name\":\"Themacs Ing\u00e9nierie\",\"description\":\"Engineering in Ile-de-France\",\"potentialAction\":[{\"@type\":\"SearchAction\",\"target\":{\"@type\":\"EntryPoint\",\"urlTemplate\":\"http:\/\/themacs-engineering.com\/en\/?s={search_term_string}\"},\"query-input\":{\"@type\":\"PropertyValueSpecification\",\"valueRequired\":true,\"valueName\":\"search_term_string\"}}],\"inLanguage\":\"en-GB\"}]}<\/script>\n<!-- \/ Yoast SEO Premium plugin. -->","yoast_head_json":{"title":"\u00c9missivit\u00e9 thermique, calcul et m\u00e9thodes de mesure | Themacs Ingenierie","description":"Qu'est-ce-que la mesure de l'\u00e9missivit\u00e9 thermique ? Les diff\u00e9rentes \u00e9missivit\u00e9s, le calcul, les m\u00e9thodes de mesures, retrouvez notre article.","robots":{"index":"index","follow":"follow","max-snippet":"max-snippet:-1","max-image-preview":"max-image-preview:large","max-video-preview":"max-video-preview:-1"},"canonical":"http:\/\/themacs-engineering.com\/en\/thermal-emissivity-measurement\/","og_locale":"en_GB","og_type":"article","og_title":"Thermal emissivity Measurement","og_description":"Qu'est-ce-que la mesure de l'\u00e9missivit\u00e9 thermique ? Les diff\u00e9rentes \u00e9missivit\u00e9s, le calcul, les m\u00e9thodes de mesures, retrouvez notre article.","og_url":"http:\/\/themacs-engineering.com\/en\/thermal-emissivity-measurement\/","og_site_name":"Themacs Ing\u00e9nierie","article_modified_time":"2020-05-15T09:53:48+00:00","og_image":[{"width":1900,"height":1053,"url":"http:\/\/themacs-engineering.com\/wp-content\/uploads\/2019\/02\/themacs-THERMIQUE-e1550816318281.jpg","type":"image\/jpeg"}],"schema":{"@context":"https:\/\/schema.org","@graph":[{"@type":"WebPage","@id":"http:\/\/themacs-engineering.com\/en\/thermal-emissivity-measurement\/","url":"http:\/\/themacs-engineering.com\/en\/thermal-emissivity-measurement\/","name":"\u00c9missivit\u00e9 thermique, calcul et m\u00e9thodes de mesure | Themacs Ingenierie","isPartOf":{"@id":"http:\/\/themacs-engineering.com\/en\/#website"},"primaryImageOfPage":{"@id":"http:\/\/themacs-engineering.com\/en\/thermal-emissivity-measurement\/#primaryimage"},"image":{"@id":"http:\/\/themacs-engineering.com\/en\/thermal-emissivity-measurement\/#primaryimage"},"thumbnailUrl":"http:\/\/themacs-engineering.com\/wp-content\/uploads\/2019\/02\/themacs-THERMIQUE-e1550816318281.jpg","datePublished":"2020-05-14T10:10:26+00:00","dateModified":"2020-05-15T09:53:48+00:00","description":"Qu'est-ce-que la mesure de l'\u00e9missivit\u00e9 thermique ? Les diff\u00e9rentes \u00e9missivit\u00e9s, le calcul, les m\u00e9thodes de mesures, retrouvez notre article.","breadcrumb":{"@id":"http:\/\/themacs-engineering.com\/en\/thermal-emissivity-measurement\/#breadcrumb"},"inLanguage":"en-GB","potentialAction":[{"@type":"ReadAction","target":["http:\/\/themacs-engineering.com\/en\/thermal-emissivity-measurement\/"]}]},{"@type":"ImageObject","inLanguage":"en-GB","@id":"http:\/\/themacs-engineering.com\/en\/thermal-emissivity-measurement\/#primaryimage","url":"http:\/\/themacs-engineering.com\/wp-content\/uploads\/2019\/02\/themacs-THERMIQUE-e1550816318281.jpg","contentUrl":"http:\/\/themacs-engineering.com\/wp-content\/uploads\/2019\/02\/themacs-THERMIQUE-e1550816318281.jpg","width":1900,"height":1053},{"@type":"BreadcrumbList","@id":"http:\/\/themacs-engineering.com\/en\/thermal-emissivity-measurement\/#breadcrumb","itemListElement":[{"@type":"ListItem","position":1,"name":"Home","item":"http:\/\/themacs-engineering.com\/en\/home\/"},{"@type":"ListItem","position":2,"name":"Thermal emissivity Measurement"}]},{"@type":"WebSite","@id":"http:\/\/themacs-engineering.com\/en\/#website","url":"http:\/\/themacs-engineering.com\/en\/","name":"Themacs Ing\u00e9nierie","description":"Engineering in Ile-de-France","potentialAction":[{"@type":"SearchAction","target":{"@type":"EntryPoint","urlTemplate":"http:\/\/themacs-engineering.com\/en\/?s={search_term_string}"},"query-input":{"@type":"PropertyValueSpecification","valueRequired":true,"valueName":"search_term_string"}}],"inLanguage":"en-GB"}]}},"lang":"en","translations":{"en":4664,"fr":3563,"de":15880,"es":15887,"it":16042},"_links":{"self":[{"href":"http:\/\/themacs-engineering.com\/en\/wp-json\/wp\/v2\/pages\/4664","targetHints":{"allow":["GET"]}}],"collection":[{"href":"http:\/\/themacs-engineering.com\/en\/wp-json\/wp\/v2\/pages"}],"about":[{"href":"http:\/\/themacs-engineering.com\/en\/wp-json\/wp\/v2\/types\/page"}],"author":[{"embeddable":true,"href":"http:\/\/themacs-engineering.com\/en\/wp-json\/wp\/v2\/users\/1"}],"replies":[{"embeddable":true,"href":"http:\/\/themacs-engineering.com\/en\/wp-json\/wp\/v2\/comments?post=4664"}],"version-history":[{"count":6,"href":"http:\/\/themacs-engineering.com\/en\/wp-json\/wp\/v2\/pages\/4664\/revisions"}],"predecessor-version":[{"id":4701,"href":"http:\/\/themacs-engineering.com\/en\/wp-json\/wp\/v2\/pages\/4664\/revisions\/4701"}],"wp:featuredmedia":[{"embeddable":true,"href":"http:\/\/themacs-engineering.com\/en\/wp-json\/wp\/v2\/media\/2801"}],"wp:attachment":[{"href":"http:\/\/themacs-engineering.com\/en\/wp-json\/wp\/v2\/media?parent=4664"}],"curies":[{"name":"wp","href":"https:\/\/api.w.org\/{rel}","templated":true}]}}