{"id":6551,"date":"2021-08-20T09:51:41","date_gmt":"2021-08-20T07:51:41","guid":{"rendered":"http:\/\/themacsebi.cluster011.ovh.net\/?page_id=6551"},"modified":"2021-12-21T12:19:38","modified_gmt":"2021-12-21T11:19:38","slug":"formation-2","status":"publish","type":"page","link":"http:\/\/themacs-engineering.com\/en\/formation-2\/","title":{"rendered":"Training"},"content":{"rendered":"","protected":false},"excerpt":{"rendered":"","protected":false},"author":1,"featured_media":2801,"parent":0,"menu_order":0,"comment_status":"closed","ping_status":"closed","template":"","meta":{"footnotes":"","_links_to":"","_links_to_target":""},"class_list":["post-6551","page","type-page","status-publish","has-post-thumbnail","hentry"],"yoast_head":"<!-- This site is optimized with the Yoast SEO Premium plugin v25.2 (Yoast SEO v25.2) - https:\/\/yoast.com\/wordpress\/plugins\/seo\/ -->\n<title>Formation thermographie en \u00cele-de-France | Themacs Ingenierie<\/title>\n<meta name=\"description\" content=\"Accesible \u00e0 partir d&#039;un niveau Bac Scientifique, Themacs Ingenierie vous propose une formation thermographie compl\u00e8te. Retrouvez les modalit\u00e9s.\" \/>\n<meta name=\"robots\" content=\"index, follow, max-snippet:-1, max-image-preview:large, max-video-preview:-1\" \/>\n<link rel=\"canonical\" href=\"http:\/\/themacs-engineering.com\/en\/formation-2\/\" \/>\n<meta property=\"og:locale\" content=\"en_GB\" \/>\n<meta property=\"og:type\" content=\"article\" \/>\n<meta property=\"og:title\" content=\"Training\" \/>\n<meta property=\"og:description\" content=\"Accesible \u00e0 partir d&#039;un niveau Bac Scientifique, Themacs Ingenierie vous propose une formation thermographie compl\u00e8te. Retrouvez les modalit\u00e9s.\" \/>\n<meta property=\"og:url\" content=\"http:\/\/themacs-engineering.com\/en\/formation-2\/\" \/>\n<meta property=\"og:site_name\" content=\"Themacs Ing\u00e9nierie\" \/>\n<meta property=\"article:modified_time\" content=\"2021-12-21T11:19:38+00:00\" \/>\n<meta property=\"og:image\" content=\"https:\/\/themacs-engineering.com\/wp-content\/uploads\/2019\/02\/themacs-THERMIQUE-e1550816318281.jpg\" \/>\n\t<meta property=\"og:image:width\" content=\"1900\" \/>\n\t<meta property=\"og:image:height\" content=\"1053\" \/>\n\t<meta property=\"og:image:type\" content=\"image\/jpeg\" \/>\n<script type=\"application\/ld+json\" class=\"yoast-schema-graph\">{\"@context\":\"https:\/\/schema.org\",\"@graph\":[{\"@type\":\"WebPage\",\"@id\":\"http:\/\/themacs-engineering.com\/en\/formation-2\/\",\"url\":\"http:\/\/themacs-engineering.com\/en\/formation-2\/\",\"name\":\"Formation thermographie en \u00cele-de-France | Themacs Ingenierie\",\"isPartOf\":{\"@id\":\"http:\/\/themacs-engineering.com\/en\/#website\"},\"primaryImageOfPage\":{\"@id\":\"http:\/\/themacs-engineering.com\/en\/formation-2\/#primaryimage\"},\"image\":{\"@id\":\"http:\/\/themacs-engineering.com\/en\/formation-2\/#primaryimage\"},\"thumbnailUrl\":\"http:\/\/themacs-engineering.com\/wp-content\/uploads\/2019\/02\/themacs-THERMIQUE-e1550816318281.jpg\",\"datePublished\":\"2021-08-20T07:51:41+00:00\",\"dateModified\":\"2021-12-21T11:19:38+00:00\",\"description\":\"Accesible \u00e0 partir d'un niveau Bac Scientifique, Themacs Ingenierie vous propose une formation thermographie compl\u00e8te. Retrouvez les modalit\u00e9s.\",\"breadcrumb\":{\"@id\":\"http:\/\/themacs-engineering.com\/en\/formation-2\/#breadcrumb\"},\"inLanguage\":\"en-GB\",\"potentialAction\":[{\"@type\":\"ReadAction\",\"target\":[\"http:\/\/themacs-engineering.com\/en\/formation-2\/\"]}]},{\"@type\":\"ImageObject\",\"inLanguage\":\"en-GB\",\"@id\":\"http:\/\/themacs-engineering.com\/en\/formation-2\/#primaryimage\",\"url\":\"http:\/\/themacs-engineering.com\/wp-content\/uploads\/2019\/02\/themacs-THERMIQUE-e1550816318281.jpg\",\"contentUrl\":\"http:\/\/themacs-engineering.com\/wp-content\/uploads\/2019\/02\/themacs-THERMIQUE-e1550816318281.jpg\",\"width\":1900,\"height\":1053},{\"@type\":\"BreadcrumbList\",\"@id\":\"http:\/\/themacs-engineering.com\/en\/formation-2\/#breadcrumb\",\"itemListElement\":[{\"@type\":\"ListItem\",\"position\":1,\"name\":\"Home\",\"item\":\"http:\/\/themacs-engineering.com\/en\/home\/\"},{\"@type\":\"ListItem\",\"position\":2,\"name\":\"Training\"}]},{\"@type\":\"WebSite\",\"@id\":\"http:\/\/themacs-engineering.com\/en\/#website\",\"url\":\"http:\/\/themacs-engineering.com\/en\/\",\"name\":\"Themacs Ing\u00e9nierie\",\"description\":\"Engineering in Ile-de-France\",\"potentialAction\":[{\"@type\":\"SearchAction\",\"target\":{\"@type\":\"EntryPoint\",\"urlTemplate\":\"http:\/\/themacs-engineering.com\/en\/?s={search_term_string}\"},\"query-input\":{\"@type\":\"PropertyValueSpecification\",\"valueRequired\":true,\"valueName\":\"search_term_string\"}}],\"inLanguage\":\"en-GB\"}]}<\/script>\n<!-- \/ Yoast SEO Premium plugin. -->","yoast_head_json":{"title":"Formation thermographie en \u00cele-de-France | Themacs Ingenierie","description":"Accesible \u00e0 partir d'un niveau Bac Scientifique, Themacs Ingenierie vous propose une formation thermographie compl\u00e8te. Retrouvez les modalit\u00e9s.","robots":{"index":"index","follow":"follow","max-snippet":"max-snippet:-1","max-image-preview":"max-image-preview:large","max-video-preview":"max-video-preview:-1"},"canonical":"http:\/\/themacs-engineering.com\/en\/formation-2\/","og_locale":"en_GB","og_type":"article","og_title":"Training","og_description":"Accesible \u00e0 partir d'un niveau Bac Scientifique, Themacs Ingenierie vous propose une formation thermographie compl\u00e8te. Retrouvez les modalit\u00e9s.","og_url":"http:\/\/themacs-engineering.com\/en\/formation-2\/","og_site_name":"Themacs Ing\u00e9nierie","article_modified_time":"2021-12-21T11:19:38+00:00","og_image":[{"width":1900,"height":1053,"url":"https:\/\/themacs-engineering.com\/wp-content\/uploads\/2019\/02\/themacs-THERMIQUE-e1550816318281.jpg","type":"image\/jpeg"}],"schema":{"@context":"https:\/\/schema.org","@graph":[{"@type":"WebPage","@id":"http:\/\/themacs-engineering.com\/en\/formation-2\/","url":"http:\/\/themacs-engineering.com\/en\/formation-2\/","name":"Formation thermographie en \u00cele-de-France | Themacs Ingenierie","isPartOf":{"@id":"http:\/\/themacs-engineering.com\/en\/#website"},"primaryImageOfPage":{"@id":"http:\/\/themacs-engineering.com\/en\/formation-2\/#primaryimage"},"image":{"@id":"http:\/\/themacs-engineering.com\/en\/formation-2\/#primaryimage"},"thumbnailUrl":"http:\/\/themacs-engineering.com\/wp-content\/uploads\/2019\/02\/themacs-THERMIQUE-e1550816318281.jpg","datePublished":"2021-08-20T07:51:41+00:00","dateModified":"2021-12-21T11:19:38+00:00","description":"Accesible \u00e0 partir d'un niveau Bac Scientifique, Themacs Ingenierie vous propose une formation thermographie compl\u00e8te. Retrouvez les modalit\u00e9s.","breadcrumb":{"@id":"http:\/\/themacs-engineering.com\/en\/formation-2\/#breadcrumb"},"inLanguage":"en-GB","potentialAction":[{"@type":"ReadAction","target":["http:\/\/themacs-engineering.com\/en\/formation-2\/"]}]},{"@type":"ImageObject","inLanguage":"en-GB","@id":"http:\/\/themacs-engineering.com\/en\/formation-2\/#primaryimage","url":"http:\/\/themacs-engineering.com\/wp-content\/uploads\/2019\/02\/themacs-THERMIQUE-e1550816318281.jpg","contentUrl":"http:\/\/themacs-engineering.com\/wp-content\/uploads\/2019\/02\/themacs-THERMIQUE-e1550816318281.jpg","width":1900,"height":1053},{"@type":"BreadcrumbList","@id":"http:\/\/themacs-engineering.com\/en\/formation-2\/#breadcrumb","itemListElement":[{"@type":"ListItem","position":1,"name":"Home","item":"http:\/\/themacs-engineering.com\/en\/home\/"},{"@type":"ListItem","position":2,"name":"Training"}]},{"@type":"WebSite","@id":"http:\/\/themacs-engineering.com\/en\/#website","url":"http:\/\/themacs-engineering.com\/en\/","name":"Themacs Ing\u00e9nierie","description":"Engineering in Ile-de-France","potentialAction":[{"@type":"SearchAction","target":{"@type":"EntryPoint","urlTemplate":"http:\/\/themacs-engineering.com\/en\/?s={search_term_string}"},"query-input":{"@type":"PropertyValueSpecification","valueRequired":true,"valueName":"search_term_string"}}],"inLanguage":"en-GB"}]}},"lang":"en","translations":{"en":6551,"fr":2728,"de":15715},"_links":{"self":[{"href":"http:\/\/themacs-engineering.com\/en\/wp-json\/wp\/v2\/pages\/6551","targetHints":{"allow":["GET"]}}],"collection":[{"href":"http:\/\/themacs-engineering.com\/en\/wp-json\/wp\/v2\/pages"}],"about":[{"href":"http:\/\/themacs-engineering.com\/en\/wp-json\/wp\/v2\/types\/page"}],"author":[{"embeddable":true,"href":"http:\/\/themacs-engineering.com\/en\/wp-json\/wp\/v2\/users\/1"}],"replies":[{"embeddable":true,"href":"http:\/\/themacs-engineering.com\/en\/wp-json\/wp\/v2\/comments?post=6551"}],"version-history":[{"count":5,"href":"http:\/\/themacs-engineering.com\/en\/wp-json\/wp\/v2\/pages\/6551\/revisions"}],"predecessor-version":[{"id":7916,"href":"http:\/\/themacs-engineering.com\/en\/wp-json\/wp\/v2\/pages\/6551\/revisions\/7916"}],"wp:featuredmedia":[{"embeddable":true,"href":"http:\/\/themacs-engineering.com\/en\/wp-json\/wp\/v2\/media\/2801"}],"wp:attachment":[{"href":"http:\/\/themacs-engineering.com\/en\/wp-json\/wp\/v2\/media?parent=6551"}],"curies":[{"name":"wp","href":"https:\/\/api.w.org\/{rel}","templated":true}]}}